{"id":341,"date":"2018-06-20T06:18:52","date_gmt":"2018-06-20T06:18:52","guid":{"rendered":"https:\/\/hotellerv1.themegoods.com\/beach\/?page_id=341"},"modified":"2023-07-05T18:03:11","modified_gmt":"2023-07-05T14:03:11","slug":"contact","status":"publish","type":"page","link":"https:\/\/pingouinvillas.com\/fr\/contact\/","title":{"rendered":"Contact"},"content":{"rendered":"\t\t<div data-elementor-type=\"wp-post\" data-elementor-id=\"341\" class=\"elementor elementor-341\">\n\t\t\t\t\t\t<section class=\"elementor-section elementor-top-section elementor-element elementor-element-e5f8f5c elementor-section-boxed elementor-section-height-default elementor-section-height-default\" data-id=\"e5f8f5c\" data-element_type=\"section\" data-e-type=\"section\">\n\t\t\t\t\t\t<div class=\"elementor-container elementor-column-gap-default\">\n\t\t\t\t\t<div class=\"elementor-column elementor-col-100 elementor-top-column elementor-element elementor-element-ede563a\" data-id=\"ede563a\" data-element_type=\"column\" data-e-type=\"column\">\n\t\t\t<div class=\"elementor-widget-wrap elementor-element-populated\">\n\t\t\t\t\t\t<div class=\"elementor-element elementor-element-46b4b72 elementor-invisible elementor-widget elementor-widget-heading\" data-id=\"46b4b72\" data-element_type=\"widget\" data-e-type=\"widget\" data-settings=\"{&quot;_animation&quot;:&quot;fadeIn&quot;}\" data-widget_type=\"heading.default\">\n\t\t\t\t<div class=\"elementor-widget-container\">\n\t\t\t\t\t<h1 class=\"elementor-heading-title elementor-size-default\">Nous contacter<\/h1>\t\t\t\t<\/div>\n\t\t\t\t<\/div>\n\t\t\t\t<div class=\"elementor-element elementor-element-abd0441 elementor-invisible elementor-widget elementor-widget-text-editor\" data-id=\"abd0441\" data-element_type=\"widget\" data-e-type=\"widget\" data-settings=\"{&quot;_animation&quot;:&quot;fadeIn&quot;,&quot;_animation_delay&quot;:100}\" data-widget_type=\"text-editor.default\">\n\t\t\t\t<div class=\"elementor-widget-container\">\n\t\t\t\t\t\t\t\t\t<p>N&rsquo;h\u00e9sitez pas \u00e0 nous contacter pour toute question concernant votre s\u00e9jour \u00e0 Pingouinvillas. Notre \u00e9quipe se fera un plaisir de vous aider et de r\u00e9pondre \u00e0 toutes vos interrogations. Que ce soit pour des informations sur nos services, les activit\u00e9s disponibles dans la r\u00e9gion ou simplement pour obtenir des conseils sur les meilleurs endroits \u00e0 visiter, nous sommes l\u00e0 pour vous assister. Votre satisfaction est notre priorit\u00e9, et nous sommes d\u00e9termin\u00e9s \u00e0 faire de votre s\u00e9jour \u00e0 Pingouinvillas une exp\u00e9rience inoubliable. Alors, n&rsquo;attendez plus, contactez-nous d\u00e8s maintenant pour toutes vos demandes, et laissez-nous vous guider vers des vacances exceptionnelles \u00e0 l&rsquo;\u00eele Maurice. <\/p>\t\t\t\t\t\t\t\t<\/div>\n\t\t\t\t<\/div>\n\t\t\t\t<div class=\"elementor-element elementor-element-bf576ca elementor-align-left elementor-mobile-align-left elementor-invisible elementor-widget elementor-widget-button\" data-id=\"bf576ca\" data-element_type=\"widget\" data-e-type=\"widget\" data-settings=\"{&quot;_animation&quot;:&quot;fadeIn&quot;}\" data-widget_type=\"button.default\">\n\t\t\t\t<div class=\"elementor-widget-container\">\n\t\t\t\t\t\t\t\t\t<div class=\"elementor-button-wrapper\">\n\t\t\t\t\t<a class=\"elementor-button elementor-button-link elementor-size-md elementor-animation-shrink\" href=\"https:\/\/www.google.com\/maps\/place\/Pingouinvillas\/@-20.440581,57.7179413,15z\/data=!4m9!3m8!1s0x217c8b6981909d83:0x27c88050b04ea0c8!5m2!4m1!1i2!8m2!3d-20.440581!4d57.7179413!16s%2Fg%2F1tt4lwg3?entry=ttu\" target=\"_blank\" rel=\"noopener\">\n\t\t\t\t\t\t<span class=\"elementor-button-content-wrapper\">\n\t\t\t\t\t\t<span class=\"elementor-button-icon\">\n\t\t\t\t<i aria-hidden=\"true\" class=\"fas fa-map-marker-alt\"><\/i>\t\t\t<\/span>\n\t\t\t\t\t\t\t\t\t<span class=\"elementor-button-text\">Nous localiser<\/span>\n\t\t\t\t\t<\/span>\n\t\t\t\t\t<\/a>\n\t\t\t\t<\/div>\n\t\t\t\t\t\t\t\t<\/div>\n\t\t\t\t<\/div>\n\t\t\t\t\t<\/div>\n\t\t<\/div>\n\t\t\t\t\t<\/div>\n\t\t<\/section>\n\t\t\t\t<section class=\"elementor-section elementor-top-section elementor-element elementor-element-9cf6a23 elementor-section-stretched elementor-section-full_width elementor-section-height-default elementor-section-height-default\" data-id=\"9cf6a23\" data-element_type=\"section\" data-e-type=\"section\" data-settings=\"{&quot;stretch_section&quot;:&quot;section-stretched&quot;}\">\n\t\t\t\t\t\t<div class=\"elementor-container elementor-column-gap-default\">\n\t\t\t\t\t<div class=\"elementor-column elementor-col-100 elementor-top-column elementor-element elementor-element-26dd55c\" data-id=\"26dd55c\" data-element_type=\"column\" data-e-type=\"column\">\n\t\t\t<div class=\"elementor-widget-wrap elementor-element-populated\">\n\t\t\t\t\t\t<div class=\"elementor-element elementor-element-7abb2fa elementor-widget elementor-widget-eb-google-map-extended\" data-id=\"7abb2fa\" data-element_type=\"widget\" data-e-type=\"widget\" data-widget_type=\"eb-google-map-extended.default\">\n\t\t\t\t<div class=\"elementor-widget-container\">\n\t\t\t\t\t\t\t<div id=\"eb-map-7abb2fa\" class=\"eb-map\" data-eb-map-gesture-handling=\"auto\"  data-eb-map-zoom-control=\"true\" data-eb-map-zoom-control-position=\"RIGHT_BOTTOM\"  data-eb-map-defaultui=\"true\" data-eb-map-style=\"[{&quot;featureType&quot;:&quot;administrative&quot;,&quot;elementType&quot;:&quot;labels.text.fill&quot;,&quot;stylers&quot;:[{&quot;color&quot;:&quot;#6195a0&quot;}]},{&quot;featureType&quot;:&quot;landscape&quot;,&quot;elementType&quot;:&quot;all&quot;,&quot;stylers&quot;:[{&quot;color&quot;:&quot;#f2f2f2&quot;}]},{&quot;featureType&quot;:&quot;landscape&quot;,&quot;elementType&quot;:&quot;geometry.fill&quot;,&quot;stylers&quot;:[{&quot;color&quot;:&quot;#ffffff&quot;}]},{&quot;featureType&quot;:&quot;poi&quot;,&quot;elementType&quot;:&quot;all&quot;,&quot;stylers&quot;:[{&quot;visibility&quot;:&quot;off&quot;}]},{&quot;featureType&quot;:&quot;poi.park&quot;,&quot;elementType&quot;:&quot;geometry.fill&quot;,&quot;stylers&quot;:[{&quot;color&quot;:&quot;#e6f3d6&quot;},{&quot;visibility&quot;:&quot;on&quot;}]},{&quot;featureType&quot;:&quot;road&quot;,&quot;elementType&quot;:&quot;all&quot;,&quot;stylers&quot;:[{&quot;saturation&quot;:-100},{&quot;lightness&quot;:45},{&quot;visibility&quot;:&quot;simplified&quot;}]},{&quot;featureType&quot;:&quot;road.highway&quot;,&quot;elementType&quot;:&quot;all&quot;,&quot;stylers&quot;:[{&quot;visibility&quot;:&quot;simplified&quot;}]},{&quot;featureType&quot;:&quot;road.highway&quot;,&quot;elementType&quot;:&quot;geometry.fill&quot;,&quot;stylers&quot;:[{&quot;color&quot;:&quot;#f4d2c5&quot;},{&quot;visibility&quot;:&quot;simplified&quot;}]},{&quot;featureType&quot;:&quot;road.highway&quot;,&quot;elementType&quot;:&quot;labels.text&quot;,&quot;stylers&quot;:[{&quot;color&quot;:&quot;#4e4e4e&quot;}]},{&quot;featureType&quot;:&quot;road.arterial&quot;,&quot;elementType&quot;:&quot;geometry.fill&quot;,&quot;stylers&quot;:[{&quot;color&quot;:&quot;#f4f4f4&quot;}]},{&quot;featureType&quot;:&quot;road.arterial&quot;,&quot;elementType&quot;:&quot;labels.text.fill&quot;,&quot;stylers&quot;:[{&quot;color&quot;:&quot;#787878&quot;}]},{&quot;featureType&quot;:&quot;road.arterial&quot;,&quot;elementType&quot;:&quot;labels.icon&quot;,&quot;stylers&quot;:[{&quot;visibility&quot;:&quot;off&quot;}]},{&quot;featureType&quot;:&quot;transit&quot;,&quot;elementType&quot;:&quot;all&quot;,&quot;stylers&quot;:[{&quot;visibility&quot;:&quot;off&quot;}]},{&quot;featureType&quot;:&quot;water&quot;,&quot;elementType&quot;:&quot;all&quot;,&quot;stylers&quot;:[{&quot;color&quot;:&quot;#eaf6f8&quot;},{&quot;visibility&quot;:&quot;on&quot;}]},{&quot;featureType&quot;:&quot;water&quot;,&quot;elementType&quot;:&quot;geometry.fill&quot;,&quot;stylers&quot;:[{&quot;color&quot;:&quot;#eaf6f8&quot;}]}]\" data-eb-map-type=\"roadmap\"  data-eb-map-type-control=\"false\"  data-eb-map-streetview-control=\"false\" data-eb-map-lat=\"-20.440581\" data-eb-map-lng=\"57.7179413\" data-eb-map-zoom=\"13\" data-eb-map-infowindow-width=\"250\" data-eb-locations='[{\"lat\":\"-20.440581\",\"lng\":\"57.7179413\",\"title\":\"Pingouinvillas\",\"content\":\"&lt;p&gt;94, A Road Daurades&lt;br \\\/&gt;Blue-Bay, Mauritius&lt;br \\\/&gt;+230 5758 3837&lt;\\\/p&gt;&lt;p&gt;resa@pingouinvillas.com&lt;\\\/p&gt;\",\"pin_icon\":\"black\"}]'><\/div>\n\n\t\t\t\t\t<\/div>\n\t\t\t\t<\/div>\n\t\t\t\t\t<\/div>\n\t\t<\/div>\n\t\t\t\t\t<\/div>\n\t\t<\/section>\n\t\t\t\t<section class=\"elementor-section elementor-top-section elementor-element elementor-element-8f42402 elementor-section-boxed elementor-section-height-default elementor-section-height-default\" data-id=\"8f42402\" data-element_type=\"section\" data-e-type=\"section\">\n\t\t\t\t\t\t<div class=\"elementor-container elementor-column-gap-wide\">\n\t\t\t\t\t<div class=\"elementor-column elementor-col-66 elementor-top-column elementor-element elementor-element-e82609b\" data-id=\"e82609b\" data-element_type=\"column\" data-e-type=\"column\">\n\t\t\t<div class=\"elementor-widget-wrap elementor-element-populated\">\n\t\t\t\t\t\t<div class=\"elementor-element elementor-element-68ac5bb elementor-widget elementor-widget-heading\" data-id=\"68ac5bb\" data-element_type=\"widget\" data-e-type=\"widget\" data-widget_type=\"heading.default\">\n\t\t\t\t<div class=\"elementor-widget-container\">\n\t\t\t\t\t<h2 class=\"elementor-heading-title elementor-size-default\">\u00c9crivez-nous<\/h2>\t\t\t\t<\/div>\n\t\t\t\t<\/div>\n\t\t\t\t<div class=\"elementor-element elementor-element-2305da1 elementor-widget elementor-widget-text-editor\" data-id=\"2305da1\" data-element_type=\"widget\" data-e-type=\"widget\" data-widget_type=\"text-editor.default\">\n\t\t\t\t<div class=\"elementor-widget-container\">\n\t\t\t\t\t\t\t\t\t<p>Remplissez le formulaire ci-dessous pour nous contacter:<\/p>\t\t\t\t\t\t\t\t<\/div>\n\t\t\t\t<\/div>\n\t\t\t\t<div class=\"elementor-element elementor-element-afcacc4 elementor-widget elementor-widget-shortcode\" data-id=\"afcacc4\" data-element_type=\"widget\" data-e-type=\"widget\" data-widget_type=\"shortcode.default\">\n\t\t\t\t<div class=\"elementor-widget-container\">\n\t\t\t\t\t\t\t<div class=\"elementor-shortcode\"><div id=\"quform-6a083c\" class=\"quform quform-1\"><form id=\"quform-form-6a083c\" class=\"quform-form quform-form-1\" action=\"\/fr\/wp-json\/wp\/v2\/pages\/341#quform-6a083c\" method=\"post\" enctype=\"multipart\/form-data\" novalidate=\"novalidate\" data-options=\"{&quot;id&quot;:1,&quot;uniqueId&quot;:&quot;6a083c&quot;,&quot;theme&quot;:&quot;&quot;,&quot;ajax&quot;:true,&quot;logic&quot;:{&quot;logic&quot;:[],&quot;dependents&quot;:[],&quot;elementIds&quot;:[],&quot;dependentElementIds&quot;:[],&quot;animate&quot;:true},&quot;currentPageId&quot;:1,&quot;errorsIcon&quot;:null,&quot;updateFancybox&quot;:true,&quot;hasPages&quot;:false,&quot;pages&quot;:[1],&quot;pageProgressType&quot;:&quot;numbers&quot;,&quot;tooltipsEnabled&quot;:true,&quot;tooltipClasses&quot;:&quot;qtip-quform-dark qtip-shadow&quot;,&quot;tooltipMy&quot;:&quot;left center&quot;,&quot;tooltipAt&quot;:&quot;right center&quot;,&quot;scrollOffset&quot;:-50,&quot;scrollSpeed&quot;:800}\"><button class=\"quform-default-submit\" name=\"quform_submit\" type=\"submit\" value=\"submit\"><\/button><div class=\"quform-form-inner quform-form-inner-1\"><input type=\"hidden\" name=\"quform_form_id\" value=\"1\" \/><input type=\"hidden\" name=\"quform_form_uid\" value=\"6a083c\" \/><input type=\"hidden\" name=\"quform_count\" value=\"1\" \/><input type=\"hidden\" name=\"form_url\" value=\"https:\/\/pingouinvillas.com\/fr\/wp-json\/wp\/v2\/pages\/341\" \/><input type=\"hidden\" name=\"referring_url\" value=\"\" \/><input type=\"hidden\" name=\"post_id\" value=\"\" \/><input type=\"hidden\" name=\"post_title\" value=\"\" \/><input type=\"hidden\" name=\"quform_current_page_id\" value=\"1\" \/><input type=\"hidden\" name=\"quform_csrf_token\" value=\"h3uLiEV1CKqob8bfJSFz5BkW8Y4jUbMLx7xmLj4A\" \/><div class=\"quform-elements quform-elements-1 quform-cf quform-responsive-elements-phone-landscape\"><div class=\"quform-element quform-element-page quform-page-1 quform-page-1_1 quform-cf quform-group-style-plain quform-first-page quform-last-page quform-current-page\"><div class=\"quform-child-elements\"><div class=\"quform-element quform-element-row quform-element-row-1_14 quform-2-columns quform-element-row-size-fixed quform-responsive-columns-phone-landscape\"><div class=\"quform-element quform-element-column quform-element-1_15\"><div class=\"quform-element quform-element-text quform-element-1_12 quform-cf quform-element-required\"><div class=\"quform-spacer\"><div class=\"quform-label quform-label-1_12\"><label class=\"quform-label-text\" for=\"quform_1_12_6a083c\">Nom complet<\/label><span class=\"quform-required\">*<\/span><\/div><div class=\"quform-inner quform-inner-text quform-inner-1_12\"><div class=\"quform-input quform-input-text quform-input-1_12 quform-cf\"><input type=\"text\" id=\"quform_1_12_6a083c\" name=\"quform_1_12\" class=\"quform-field quform-field-text quform-field-1_12\" \/><\/div><\/div><\/div><\/div><\/div><div class=\"quform-element quform-element-column quform-element-1_16\"><div class=\"quform-element quform-element-text quform-element-1_13 quform-cf quform-element-required\"><div class=\"quform-spacer\"><div class=\"quform-label quform-label-1_13\"><label class=\"quform-label-text\" for=\"quform_1_13_6a083c\">T\u00e9l\u00e9phone<\/label><span class=\"quform-required\">*<\/span><\/div><div class=\"quform-inner quform-inner-text quform-inner-1_13\"><div class=\"quform-input quform-input-text quform-input-1_13 quform-cf\"><input type=\"text\" id=\"quform_1_13_6a083c\" name=\"quform_1_13\" class=\"quform-field quform-field-text quform-field-1_13\" \/><\/div><\/div><\/div><\/div><\/div><\/div><div class=\"quform-element quform-element-email quform-element-1_9 quform-cf quform-element-required\"><div class=\"quform-spacer\"><div class=\"quform-label quform-label-1_9\"><label class=\"quform-label-text\" for=\"quform_1_9_6a083c\">Adresse mail<\/label><span class=\"quform-required\">*<\/span><\/div><div class=\"quform-inner quform-inner-email quform-inner-1_9\"><div class=\"quform-input quform-input-email quform-input-1_9 quform-cf\"><input type=\"email\" id=\"quform_1_9_6a083c\" name=\"quform_1_9\" class=\"quform-field quform-field-email quform-field-1_9\" \/><\/div><\/div><\/div><\/div><div class=\"quform-element quform-element-textarea quform-element-1_10 quform-cf quform-element-required\"><div class=\"quform-spacer\"><div class=\"quform-label quform-label-1_10\"><label class=\"quform-label-text\" for=\"quform_1_10_6a083c\">Message<\/label><span class=\"quform-required\">*<\/span><\/div><div class=\"quform-inner quform-inner-textarea quform-inner-1_10\"><div class=\"quform-input quform-input-textarea quform-input-1_10 quform-cf\"><textarea id=\"quform_1_10_6a083c\" name=\"quform_1_10\" class=\"quform-field quform-field-textarea quform-field-1_10\"><\/textarea><\/div><\/div><\/div><\/div><div class=\"quform-element quform-element-row quform-element-row-1_17 quform-2-columns quform-element-row-size-fixed quform-responsive-columns-phone-landscape\"><div class=\"quform-element quform-element-column quform-element-1_18\"><div class=\"quform-element quform-element-captcha quform-element-1_11 quform-cf quform-element-required\"><div class=\"quform-spacer\"><div class=\"quform-label quform-label-1_11\"><label class=\"quform-label-text\" for=\"quform_1_11_6a083c\">Please type the characters<\/label><span class=\"quform-required\">*<\/span><\/div><div class=\"quform-inner quform-inner-captcha quform-inner-1_11\"><div class=\"quform-input quform-input-captcha quform-input-1_11 quform-cf\"><input type=\"text\" id=\"quform_1_11_6a083c\" name=\"quform_1_11\" class=\"quform-field quform-field-captcha quform-field-1_11\" \/><\/div><div class=\"quform-captcha quform-cf\"><div class=\"quform-captcha-image quform-captcha-image-1_11\"><img decoding=\"async\" src=\"data:image\/png;base64,iVBORw0KGgoAAAANSUhEUgAAAOYAAABQBAMAAAD\/1xTgAAAAG1BMVEX\/\/\/8iIiLj4+PHx8dZWVl0dHSsrKw9PT2QkJCxPQgyAAAACXBIWXMAAA7EAAAOxAGVKw4bAAADzklEQVRoge1Xz1ObQBSOQBKOfZaUHMGfPSZGU4+h1TFHUdN6THSqHouNo8dQk45\/dt\/bBYTdBFKHZqYz+x2ULLDf2\/fje49KRUFBQUFBQUHhf4b2ffC8YkrdA4DPq+UMkRLslVKawDBcJWcb4MkHOC1104382x40Km7JnPv522kA7yoG2E6JlDrAh4L7aNNdq0RKCpeVd79WdigRQUEd\/APOKtWBvHzggcW1B337Y2dQtmsBHHH1lpXkE7tGPwCsl8npwROAeIotLgPwE693Arp6XyIlRqsLMMkuakHEiTf4iaE3592tN2pwHSxdSpI6+XVvE8WnqTFGS2orH0\/sc6+RXtGPBi\/Xe8twhrCuSadAUW\/iPw37SQfmxnubnz69tMZWGpXp4OWmI72Qgkbuw8QUF7miG3jHt0JZ3\/XI+ek8cPnSDf+X43aDajNAcUvDJHMZeUDnNeQCjfbP2GJkOJuLOduke4FQCfWkNEIyyRT9QMluX2kjwZYOpdtDlH85nAGF0hMqwU0C7JL7dKk6ceWei0VmGWOCnQArAcaPk4WUJguJL4h8OymeNXYlNQH+Gr4n2DIiY3fjyCyAy26H+HczlQ7tJFBrzH2euInBFdoVlaJKxRVI5Z4Ft3QEdpDe9pWTezkUm4DBO5EhRQ2L6zY3liwiv7qzE7HW3MRS5iyywRE4mYWm1AR3iyenOrzCziz3Ert7zMPZbaJz6lJD0mmn3AmAjhFjfPa6bMaJSuJwOqdATW6hJjeHsHBA9BLKzHNaPDkYTOXlAtU5mSZny6ggmmxEgPHlXlW0bRRpV2S1XKD84Lok1FSbBcPa9uU1PWCK9tLscE4DYSTvUoxCViUmCKLJgyXYMR814bmu45O9TMSYkz10mJZ+Ypedpi22cjNqLctx3m\/eJD8\/QcNMAt3k5ttTUrsE6NXmxoEkq9QDg+W+MjhDnCYkJKfbUbPigWxLJcAz3s4WKIWk5S4zO9UuUrvzUyN\/bRrA2GdO16cgcbIGanWzBeqT9OvLfML50Ynic9YgLQmt5EyTrKXf7L6TLlD9BPXMctjjhfMwL9LHvhO\/DPFOJk8hesD+6sx7N4DjYMgvWRu3oLU\/w6AWjUWo4P2r1I6JIsR56YP9PJeRe\/hHihN\/eUUtm3GIA5MfOafGVahSu57PmM29KNV7UaTyOSWgxNtDPvXlfjxFRxvGtnfvZhfHrfBNnGyieRjQ3\/yhGTntvqjyWgepj778JWfy5cDSMAfVBZn1JuxHnJPSdlwCh+RY+6z4wTKhHc5+l\/rJqaCgoKCgoKCwAH8Af82ex7GUq\/cAAAAASUVORK5CYII=\" alt=\"CAPTCHA image\" data-form-id=\"1\" data-element-id=\"11\" data-unique-id=\"6a083c\" width=\"115\" height=\"40\" \/><\/div><\/div><p class=\"quform-description quform-description-below\">This helps us prevent spam, thank you.<\/p><\/div><\/div><\/div><\/div><div class=\"quform-element quform-element-column quform-element-1_19\"><\/div><\/div><div class=\"quform-element quform-element-submit quform-element-1_2 quform-cf quform-button-style-theme\"><div class=\"quform-button-submit quform-button-submit-default quform-button-submit-1_2\"><button name=\"quform_submit\" type=\"submit\" class=\"quform-submit\" value=\"submit\"><span class=\"quform-button-text quform-button-submit-text\">Envoyer<\/span><\/button><\/div><div class=\"quform-loading quform-loading-position-left quform-loading-type-spinner-1\"><div class=\"quform-loading-inner\"><div class=\"quform-loading-spinner\"><div class=\"quform-loading-spinner-inner\"><\/div><\/div><\/div><\/div><\/div><div class=\"quform-hidden\"><label>This field should be left blank<input type=\"text\" name=\"quform_1_0\" autocomplete=\"off\" \/><\/label><\/div><\/div><\/div><\/div><\/div><\/form><\/div><\/div>\n\t\t\t\t\t\t<\/div>\n\t\t\t\t<\/div>\n\t\t\t\t\t<\/div>\n\t\t<\/div>\n\t\t\t\t<div class=\"elementor-column elementor-col-33 elementor-top-column elementor-element elementor-element-8740472\" data-id=\"8740472\" data-element_type=\"column\" data-e-type=\"column\" data-settings=\"{&quot;background_background&quot;:&quot;classic&quot;}\">\n\t\t\t<div class=\"elementor-widget-wrap elementor-element-populated\">\n\t\t\t\t\t\t<div class=\"elementor-element elementor-element-da2d63e elementor-widget elementor-widget-text-editor\" data-id=\"da2d63e\" data-element_type=\"widget\" data-e-type=\"widget\" data-widget_type=\"text-editor.default\">\n\t\t\t\t<div class=\"elementor-widget-container\">\n\t\t\t\t\t\t\t\t\t<p><strong>Pingouinvillas<br \/><\/strong><span style=\"font-size: 15px;\">94, A Road Daurades<br \/>Blue-Bay, Ile Maurice<br \/><\/span><\/p><p>+230 5758 3837 resa@pingouinvillas.com<\/p>\t\t\t\t\t\t\t\t<\/div>\n\t\t\t\t<\/div>\n\t\t\t\t<div class=\"elementor-element elementor-element-3b3e8f1 elementor-widget elementor-widget-text-editor\" data-id=\"3b3e8f1\" data-element_type=\"widget\" data-e-type=\"widget\" data-widget_type=\"text-editor.default\">\n\t\t\t\t<div class=\"elementor-widget-container\">\n\t\t\t\t\t\t\t\t\t<b>Nous suivre sur : <\/b>\t\t\t\t\t\t\t\t<\/div>\n\t\t\t\t<\/div>\n\t\t\t\t<div class=\"elementor-element elementor-element-7cc0a0e elementor-shape-rounded elementor-grid-0 e-grid-align-center elementor-widget elementor-widget-social-icons\" data-id=\"7cc0a0e\" data-element_type=\"widget\" data-e-type=\"widget\" data-widget_type=\"social-icons.default\">\n\t\t\t\t<div class=\"elementor-widget-container\">\n\t\t\t\t\t\t\t<div class=\"elementor-social-icons-wrapper elementor-grid\" role=\"list\">\n\t\t\t\t\t\t\t<span class=\"elementor-grid-item\" role=\"listitem\">\n\t\t\t\t\t<a class=\"elementor-icon elementor-social-icon elementor-social-icon-facebook-f elementor-animation-shrink elementor-repeater-item-c19c517\" href=\"https:\/\/www.facebook.com\/profile.php?id=100067456041328\" target=\"_blank\" rel=\"noopener\">\n\t\t\t\t\t\t<span class=\"elementor-screen-only\">Facebook-f<\/span>\n\t\t\t\t\t\t<i aria-hidden=\"true\" class=\"fab fa-facebook-f\"><\/i>\t\t\t\t\t<\/a>\n\t\t\t\t<\/span>\n\t\t\t\t\t\t\t<span class=\"elementor-grid-item\" role=\"listitem\">\n\t\t\t\t\t<a class=\"elementor-icon elementor-social-icon elementor-social-icon-tripadvisor elementor-animation-shrink elementor-repeater-item-6cda99a\" href=\"https:\/\/www.tripadvisor.com\/Hotel_Review-g488102-d671092-Reviews-Pingouinvillas-Blue_Bay.html\" target=\"_blank\" rel=\"noopener\">\n\t\t\t\t\t\t<span class=\"elementor-screen-only\">Tripadvisor<\/span>\n\t\t\t\t\t\t<i aria-hidden=\"true\" class=\"fab fa-tripadvisor\"><\/i>\t\t\t\t\t<\/a>\n\t\t\t\t<\/span>\n\t\t\t\t\t<\/div>\n\t\t\t\t\t\t<\/div>\n\t\t\t\t<\/div>\n\t\t\t\t\t<\/div>\n\t\t<\/div>\n\t\t\t\t\t<\/div>\n\t\t<\/section>\n\t\t\t\t<section class=\"elementor-section elementor-top-section elementor-element elementor-element-61f41d1 elementor-section-stretched elementor-section-height-min-height elementor-section-boxed elementor-section-height-default elementor-section-items-middle\" data-id=\"61f41d1\" data-element_type=\"section\" data-e-type=\"section\" data-settings=\"{&quot;stretch_section&quot;:&quot;section-stretched&quot;,&quot;shape_divider_bottom&quot;:&quot;waves&quot;}\">\n\t\t\t\t\t<div class=\"elementor-shape elementor-shape-bottom\" aria-hidden=\"true\" data-negative=\"false\">\n\t\t\t<svg xmlns=\"http:\/\/www.w3.org\/2000\/svg\" viewBox=\"0 0 1000 100\" preserveAspectRatio=\"none\">\n\t<path class=\"elementor-shape-fill\" d=\"M421.9,6.5c22.6-2.5,51.5,0.4,75.5,5.3c23.6,4.9,70.9,23.5,100.5,35.7c75.8,32.2,133.7,44.5,192.6,49.7\n\tc23.6,2.1,48.7,3.5,103.4-2.5c54.7-6,106.2-25.6,106.2-25.6V0H0v30.3c0,0,72,32.6,158.4,30.5c39.2-0.7,92.8-6.7,134-22.4\n\tc21.2-8.1,52.2-18.2,79.7-24.2C399.3,7.9,411.6,7.5,421.9,6.5z\"\/>\n<\/svg>\t\t<\/div>\n\t\t\t\t\t<div class=\"elementor-container elementor-column-gap-default\">\n\t\t\t\t\t<div class=\"elementor-column elementor-col-100 elementor-top-column elementor-element elementor-element-cece3a7\" data-id=\"cece3a7\" data-element_type=\"column\" data-e-type=\"column\">\n\t\t\t<div class=\"elementor-widget-wrap\">\n\t\t\t\t\t\t\t<\/div>\n\t\t<\/div>\n\t\t\t\t\t<\/div>\n\t\t<\/section>\n\t\t\t\t<\/div>\n\t\t","protected":false},"excerpt":{"rendered":"<p>Nous contacter N&rsquo;h\u00e9sitez pas \u00e0 nous contacter pour toute question concernant votre s\u00e9jour \u00e0 Pingouinvillas. Notre \u00e9quipe se fera un plaisir de vous aider et de r\u00e9pondre \u00e0 toutes vos interrogations. Que ce soit pour des informations sur nos services, [&hellip;]<\/p>\n","protected":false},"author":1,"featured_media":0,"parent":0,"menu_order":0,"comment_status":"closed","ping_status":"closed","template":"","meta":{"footnotes":""},"class_list":["post-341","page","type-page","status-publish","hentry"],"_links":{"self":[{"href":"https:\/\/pingouinvillas.com\/fr\/wp-json\/wp\/v2\/pages\/341","targetHints":{"allow":["GET"]}}],"collection":[{"href":"https:\/\/pingouinvillas.com\/fr\/wp-json\/wp\/v2\/pages"}],"about":[{"href":"https:\/\/pingouinvillas.com\/fr\/wp-json\/wp\/v2\/types\/page"}],"author":[{"embeddable":true,"href":"https:\/\/pingouinvillas.com\/fr\/wp-json\/wp\/v2\/users\/1"}],"replies":[{"embeddable":true,"href":"https:\/\/pingouinvillas.com\/fr\/wp-json\/wp\/v2\/comments?post=341"}],"version-history":[{"count":33,"href":"https:\/\/pingouinvillas.com\/fr\/wp-json\/wp\/v2\/pages\/341\/revisions"}],"predecessor-version":[{"id":4259,"href":"https:\/\/pingouinvillas.com\/fr\/wp-json\/wp\/v2\/pages\/341\/revisions\/4259"}],"wp:attachment":[{"href":"https:\/\/pingouinvillas.com\/fr\/wp-json\/wp\/v2\/media?parent=341"}],"curies":[{"name":"wp","href":"https:\/\/api.w.org\/{rel}","templated":true}]}}