{"id":210,"date":"2018-06-14T09:08:11","date_gmt":"2018-06-14T05:08:11","guid":{"rendered":"https:\/\/hotellerv1.themegoods.com\/beach\/?page_id=210"},"modified":"2023-12-09T19:03:21","modified_gmt":"2023-12-09T15:03:21","slug":"decouvrez-lile-maurice","status":"publish","type":"page","link":"https:\/\/pingouinvillas.com\/fr\/decouvrez-lile-maurice\/","title":{"rendered":"D\u00e9couvrez l&rsquo;Ile Maurice"},"content":{"rendered":"\t\t<div data-elementor-type=\"wp-post\" data-elementor-id=\"210\" class=\"elementor elementor-210\">\n\t\t\t\t\t\t<section class=\"elementor-section elementor-top-section elementor-element elementor-element-18fe1f8 elementor-section-boxed elementor-section-height-default elementor-section-height-default\" data-id=\"18fe1f8\" data-element_type=\"section\" data-e-type=\"section\">\n\t\t\t\t\t\t<div class=\"elementor-container elementor-column-gap-default\">\n\t\t\t\t\t<div class=\"elementor-column elementor-col-100 elementor-top-column elementor-element elementor-element-3569fee1\" data-id=\"3569fee1\" data-element_type=\"column\" data-e-type=\"column\">\n\t\t\t<div class=\"elementor-widget-wrap elementor-element-populated\">\n\t\t\t\t\t\t<div class=\"elementor-element elementor-element-3af0242 elementor-invisible elementor-widget elementor-widget-heading\" data-id=\"3af0242\" data-element_type=\"widget\" data-e-type=\"widget\" data-settings=\"{&quot;_animation&quot;:&quot;fadeIn&quot;}\" data-widget_type=\"heading.default\">\n\t\t\t\t<div class=\"elementor-widget-container\">\n\t\t\t\t\t<h1 class=\"elementor-heading-title elementor-size-default\">D\u00e9couvrez l'Ile Maurice<\/h1>\t\t\t\t<\/div>\n\t\t\t\t<\/div>\n\t\t\t\t<div class=\"elementor-element elementor-element-2419dba elementor-invisible elementor-widget elementor-widget-text-editor\" data-id=\"2419dba\" data-element_type=\"widget\" data-e-type=\"widget\" data-settings=\"{&quot;_animation&quot;:&quot;fadeIn&quot;,&quot;_animation_delay&quot;:100}\" data-widget_type=\"text-editor.default\">\n\t\t\t\t<div class=\"elementor-widget-container\">\n\t\t\t\t\t\t\t\t\tD\u00e9couvrez l&rsquo;\u00eele Maurice et laissez-vous charmer par la beaut\u00e9 du sud de l&rsquo;\u00eele. Cette destination paradisiaque regorge de tr\u00e9sors naturels et culturels qui ne manqueront pas de vous \u00e9merveiller. Explorez les plages idylliques aux eaux cristallines du sud de l&rsquo;\u00eele Maurice, telles que Blue-Bay, o\u00f9 vous pourrez vous d\u00e9tendre sur le sable blanc et profiter d&rsquo;un lagon turquoise paisible. Impr\u00e9gnez-vous de l&rsquo;atmosph\u00e8re unique de Mah\u00e9bourg, un village historique situ\u00e9 \u00e0 proximit\u00e9, qui offre un aper\u00e7u captivant de l&rsquo;histoire et de la culture mauricienne. Admirez les paysages pittoresques et les jardins luxuriants, et laissez-vous s\u00e9duire par l&rsquo;accueil chaleureux des habitants. Que vous soyez passionn\u00e9 de sports nautiques, d&rsquo;exploration de la faune et de la flore ou tout simplement en qu\u00eate de d\u00e9tente, le sud de l&rsquo;\u00eele Maurice vous promet une exp\u00e9rience inoubliable.  \t\t\t\t\t\t\t\t<\/div>\n\t\t\t\t<\/div>\n\t\t\t\t\t<\/div>\n\t\t<\/div>\n\t\t\t\t\t<\/div>\n\t\t<\/section>\n\t\t\t\t<section class=\"elementor-section elementor-top-section elementor-element elementor-element-b86fc27 elementor-section-boxed elementor-section-height-default elementor-section-height-default\" data-id=\"b86fc27\" data-element_type=\"section\" data-e-type=\"section\">\n\t\t\t\t\t\t<div class=\"elementor-container elementor-column-gap-default\">\n\t\t\t\t\t<div class=\"elementor-column elementor-col-100 elementor-top-column elementor-element elementor-element-08d06cf\" data-id=\"08d06cf\" data-element_type=\"column\" data-e-type=\"column\">\n\t\t\t<div class=\"elementor-widget-wrap\">\n\t\t\t\t\t\t\t<\/div>\n\t\t<\/div>\n\t\t\t\t\t<\/div>\n\t\t<\/section>\n\t\t\t\t<section class=\"elementor-section elementor-top-section elementor-element elementor-element-2376ebe elementor-section-stretched elementor-section-height-min-height elementor-section-boxed elementor-section-height-default elementor-section-items-middle\" data-id=\"2376ebe\" data-element_type=\"section\" data-e-type=\"section\" data-settings=\"{&quot;stretch_section&quot;:&quot;section-stretched&quot;,&quot;shape_divider_bottom&quot;:&quot;waves&quot;}\">\n\t\t\t\t\t<div class=\"elementor-shape elementor-shape-bottom\" aria-hidden=\"true\" data-negative=\"false\">\n\t\t\t<svg xmlns=\"http:\/\/www.w3.org\/2000\/svg\" viewBox=\"0 0 1000 100\" preserveAspectRatio=\"none\">\n\t<path class=\"elementor-shape-fill\" d=\"M421.9,6.5c22.6-2.5,51.5,0.4,75.5,5.3c23.6,4.9,70.9,23.5,100.5,35.7c75.8,32.2,133.7,44.5,192.6,49.7\n\tc23.6,2.1,48.7,3.5,103.4-2.5c54.7-6,106.2-25.6,106.2-25.6V0H0v30.3c0,0,72,32.6,158.4,30.5c39.2-0.7,92.8-6.7,134-22.4\n\tc21.2-8.1,52.2-18.2,79.7-24.2C399.3,7.9,411.6,7.5,421.9,6.5z\"\/>\n<\/svg>\t\t<\/div>\n\t\t\t\t\t<div class=\"elementor-container elementor-column-gap-default\">\n\t\t\t\t\t<div class=\"elementor-column elementor-col-100 elementor-top-column elementor-element elementor-element-1418538\" data-id=\"1418538\" data-element_type=\"column\" data-e-type=\"column\">\n\t\t\t<div class=\"elementor-widget-wrap\">\n\t\t\t\t\t\t\t<\/div>\n\t\t<\/div>\n\t\t\t\t\t<\/div>\n\t\t<\/section>\n\t\t\t\t<\/div>\n\t\t","protected":false},"excerpt":{"rendered":"<p>D\u00e9couvrez l&rsquo;Ile Maurice D\u00e9couvrez l&rsquo;\u00eele Maurice et laissez-vous charmer par la beaut\u00e9 du sud de l&rsquo;\u00eele. Cette destination paradisiaque regorge de tr\u00e9sors naturels et culturels qui ne manqueront pas de vous \u00e9merveiller. Explorez les plages idylliques aux eaux cristallines du [&hellip;]<\/p>\n","protected":false},"author":1,"featured_media":0,"parent":0,"menu_order":0,"comment_status":"closed","ping_status":"closed","template":"","meta":{"footnotes":""},"class_list":["post-210","page","type-page","status-publish","hentry"],"_links":{"self":[{"href":"https:\/\/pingouinvillas.com\/fr\/wp-json\/wp\/v2\/pages\/210","targetHints":{"allow":["GET"]}}],"collection":[{"href":"https:\/\/pingouinvillas.com\/fr\/wp-json\/wp\/v2\/pages"}],"about":[{"href":"https:\/\/pingouinvillas.com\/fr\/wp-json\/wp\/v2\/types\/page"}],"author":[{"embeddable":true,"href":"https:\/\/pingouinvillas.com\/fr\/wp-json\/wp\/v2\/users\/1"}],"replies":[{"embeddable":true,"href":"https:\/\/pingouinvillas.com\/fr\/wp-json\/wp\/v2\/comments?post=210"}],"version-history":[{"count":13,"href":"https:\/\/pingouinvillas.com\/fr\/wp-json\/wp\/v2\/pages\/210\/revisions"}],"predecessor-version":[{"id":4751,"href":"https:\/\/pingouinvillas.com\/fr\/wp-json\/wp\/v2\/pages\/210\/revisions\/4751"}],"wp:attachment":[{"href":"https:\/\/pingouinvillas.com\/fr\/wp-json\/wp\/v2\/media?parent=210"}],"curies":[{"name":"wp","href":"https:\/\/api.w.org\/{rel}","templated":true}]}}